{"id":2,"date":"2024-10-22T23:40:09","date_gmt":"2024-10-22T23:40:09","guid":{"rendered":"https:\/\/kinmpolistic.com\/?page_id=2"},"modified":"2024-11-29T18:49:06","modified_gmt":"2024-11-29T18:49:06","slug":"sample-page","status":"publish","type":"page","link":"https:\/\/kinmpolistic.com\/index.php\/sample-page\/","title":{"rendered":"Servicios"},"content":{"rendered":"<div>Servicios de Asesoramiento Jur\u00eddico y Marketing Digital Personalizado<\/div>\n<h1>Kinmpolistic<\/h1>\n<hr>\n<h2>Nuestros Servicios<\/h2>\n<div><strong>Tu Primer Paso hacia la Soluci\u00f3n Legal y el \u00c9xito Digital<\/strong><\/div>\n<div>\n<p>Ofrecemos una consulta inicial para entender tu situaci\u00f3n legal o comercial, y definir el camino estrat\u00e9gico m\u00e1s adecuado. Estamos aqu\u00ed para escucharte, asesorarte y ofrecerte las mejores soluciones.<\/p>\n<\/div>\n<div>\n<p>    <img decoding=\"async\" src=\"https:\/\/albertcampi.com\/wp-content\/uploads\/2022\/09\/Asesor.jpg\" alt=\"\"><\/p>\n<\/div>\n<p><a href=\"\/wp-content\/uploads\/hotel-standard-suite-01.jpg\"><img decoding=\"async\" src=\"\/wp-content\/uploads\/2024\/10\/kj0De1xyRf-24Hkcc903Hg.webp\" alt=\"\"><\/a><br \/>\n<a href=\"\/wp-content\/uploads\/hotel-standard-suite-02.jpg\"><img decoding=\"async\" src=\"https:\/\/www.solorzanodeaviles.es\/en-que-casos-necesito-el-asesoramiento-de-un-abogado_img87744t1.jpg\" alt=\"\"><\/a><br \/>\n<a href=\"\/wp-content\/uploads\/hotel-standard-suite-03.jpg\"><img decoding=\"async\" src=\"https:\/\/www.tipsempresariales.com\/uploads\/1\/3\/1\/4\/131438314\/published\/338308513.jpg?1618498553\" alt=\"\"><\/a><\/p>\n<div>\n<p>Ofrecemos una consulta inicial para entender tu situaci\u00f3n legal o comercial, y definir el camino estrat\u00e9gico m\u00e1s adecuado. Estamos aqu\u00ed para escucharte, asesorarte y ofrecerte las mejores soluciones.<\/p>\n<ul>\n<li><strong>\u00c1reas de Especializaci\u00f3n:<\/strong>\n<ul>\n<li>Derecho Civil<\/li>\n<li>Derecho de Familia<\/li>\n<li>Estrategias Digitales<\/li>\n<li>An\u00e1lisis y Optimizaci\u00f3n<\/li>\n<\/ul>\n<\/li>\n<\/ul>\n<\/div>\n<p>\n    <a href=\"#\">conoce mas<\/a>\n<\/p>\n<hr>\n<h2>Servicios y Caracter\u00edsticas<\/h2>\n<div>Tu Confianza, Nuestro Compromiso<\/div>\n<div>\n<p>Ya sea para resolver un problema legal o posicionar tu marca en el mercado, estamos aqu\u00ed para ayudarte en cada paso del camino.<\/p>\n<\/div>\n<div>\n<p>    <img decoding=\"async\" src=\"https:\/\/dabogados.es\/wp-content\/uploads\/2018\/09\/La-importancia-de-contar-con-un-asesoramiento-jur%C3%ADdico-de-calidad-1536x1024.jpg\" alt=\"\"><\/p>\n<\/div>\n<hr>\n<div>\n<h2>Todo lo que Necesitas<\/h2>\n<div>\n<p>\u00a1Estamos aqu\u00ed para ayudarte en cada paso del camino! Cont\u00e1ctanos para m\u00e1s informaci\u00f3n o para reservar tu consulta.<\/p>\n<\/div>\n<\/div>\n<h3>Otros Servicios<\/h3>\n<ul>\n<li>\n<div>Preparaci\u00f3n de Documentos Legales<\/div>\n<\/li>\n<li>\n<div>Automatizaci\u00f3n de EULAS<\/div>\n<\/li>\n<li>\n<div>Investigaci\u00f3n Legal Profunda<\/div>\n<\/li>\n<li>\n<div>Mediaci\u00f3n Familiar<\/div>\n<\/li>\n<li>\n<div>Reuniones Fuera de Horario<\/div>\n<\/li>\n<li>\n<div>Asesor\u00eda para Empresas<\/div>\n<\/li>\n<li>\n<div>Traducci\u00f3n de Documentos Legales<\/div>\n<\/li>\n<li>\n<div>Marketing Digital atreves de Google ads<\/div>\n<\/li>\n<\/ul>\n<p><!--more--><br \/>\n<!-- {\"type\":\"layout\",\"children\":[{\"name\":\"Hero\",\"type\":\"section\",\"props\":{\"header_transparent\":true,\"header_transparent_noplaceholder\":true,\"header_transparent_text_color\":\"light\",\"height\":\"viewport\",\"height_offset_top\":true,\"height_viewport\":80,\"image\":\"wp-content\\\/uploads\\\/hotel-hero-bg.jpg\",\"image_loading\":true,\"image_position\":\"center-center\",\"image_size\":\"cover\",\"image_width\":\"2560\",\"overlap\":true,\"padding\":\"large\",\"style\":\"secondary\",\"title_breakpoint\":\"xl\",\"title_position\":\"top-left\",\"title_rotation\":\"left\",\"vertical_align\":\"bottom\",\"width\":\"large\"},\"children\":[{\"type\":\"row\",\"children\":[{\"type\":\"column\",\"props\":{\"image_position\":\"center-center\",\"position_sticky_breakpoint\":\"m\",\"width_medium\":\"1-1\"},\"children\":[{\"type\":\"headline\",\"props\":{\"animation\":\"parallax\",\"content\":\"Servicios de Asesoramiento Jur\\u00eddico y Marketing Digital Personalizado\",\"margin_remove_bottom\":true,\"parallax_breakpoint\":\"m\",\"parallax_easing\":\"0.8\",\"parallax_end\":\"5vh + 5%\",\"parallax_opacity\":\"1,0\",\"parallax_y\":\"0,60\",\"title_element\":\"div\",\"title_style\":\"h3\"}},{\"type\":\"headline\",\"props\":{\"animation\":\"parallax\",\"content\":\"Kinmpolistic\",\"margin_remove_top\":true,\"parallax_breakpoint\":\"m\",\"parallax_easing\":\"0.8\",\"parallax_end\":\"5vh + 5%\",\"parallax_opacity\":\"1,0\",\"parallax_y\":\"0,60\",\"title_element\":\"h1\",\"title_style\":\"heading-xlarge\"}}]}]}]},{\"name\":\"Description Standard\",\"type\":\"section\",\"props\":{\"animation\":\"fade\",\"image_position\":\"center-center\",\"padding\":\"large\",\"style\":\"default\",\"title_breakpoint\":\"xl\",\"title_position\":\"top-left\",\"title_rotation\":\"left\",\"vertical_align\":\"\",\"width\":\"large\"},\"children\":[{\"type\":\"row\",\"props\":{\"layout\":\"1-2,1-2\",\"margin\":\"large\",\"vertical_align\":true},\"children\":[{\"type\":\"column\",\"props\":{\"image_position\":\"center-center\",\"position_sticky_breakpoint\":\"m\",\"vertical_align\":\"middle\",\"width_medium\":\"1-2\"},\"children\":[{\"type\":\"divider\",\"props\":{\"divider_element\":\"hr\",\"divider_style\":\"small\"}},{\"type\":\"headline\",\"props\":{\"content\":\"Nuestros Servicios\",\"margin_remove_bottom\":false,\"margin_remove_top\":true,\"text_align_breakpoint\":\"m\",\"title_element\":\"h2\",\"title_style\":\"heading-medium\"}},{\"type\":\"headline\",\"props\":{\"content\":\"<strong>Tu Primer Paso hacia la Soluci\\u00f3n Legal y el \\u00c9xito Digital<\\\/strong>\",\"margin_remove_bottom\":false,\"margin_remove_top\":true,\"maxwidth\":\"xlarge\",\"text_align\":\"left\",\"title_color\":\"primary\",\"title_element\":\"div\",\"title_style\":\"h3\"}},{\"type\":\"text\",\"props\":{\"column_breakpoint\":\"m\",\"content\":\"\n\n<p>Ofrecemos una consulta inicial para entender tu situaci\\u00f3n legal o comercial, y definir el camino estrat\\u00e9gico m\\u00e1s adecuado. Estamos aqu\\u00ed para escucharte, asesorarte y ofrecerte las mejores soluciones.<\\\/p>\",\"margin\":\"medium\",\"maxwidth\":\"xlarge\",\"text_align_breakpoint\":\"m\"}}]},{\"type\":\"column\",\"props\":{\"image_position\":\"center-center\",\"position_sticky_breakpoint\":\"m\",\"vertical_align\":\"middle\",\"width_medium\":\"1-2\"},\"children\":[{\"type\":\"slideshow\",\"props\":{\"image_loading\":true,\"image_width\":\"920\",\"link_style\":\"default\",\"link_text\":\"Read more\",\"margin\":\"default\",\"meta_align\":\"below-title\",\"meta_element\":\"div\",\"meta_style\":\"text-meta\",\"nav\":\"dotnav\",\"nav_align\":\"center\",\"nav_below\":false,\"nav_breakpoint\":\"\",\"nav_position\":\"bottom-left\",\"nav_position_margin\":\"medium\",\"overlay_animation\":\"parallax\",\"overlay_position\":\"center-left\",\"show_content\":true,\"show_link\":true,\"show_meta\":true,\"show_thumbnail\":true,\"show_title\":true,\"slidenav\":\"\",\"slidenav_breakpoint\":\"s\",\"slidenav_margin\":\"medium\",\"slidenav_outside_breakpoint\":\"xl\",\"slideshow_autoplay\":true,\"slideshow_autoplay_pause\":true,\"slideshow_min_height\":\"300\",\"slideshow_ratio\":\"920:580\",\"text_color\":\"light\",\"thumbnav_height\":\"75\",\"thumbnav_svg_color\":\"emphasis\",\"thumbnav_width\":\"100\",\"title_element\":\"h3\"},\"children\":[{\"type\":\"slideshow_item\",\"props\":{\"image\":\"https:\\\/\\\/albertcampi.com\\\/wp-content\\\/uploads\\\/2022\\\/09\\\/Asesor.jpg\"}}]}]}]},{\"type\":\"row\",\"props\":{\"column_gap\":\"medium\",\"divider\":false,\"layout\":\"1-4,1-4,1-2|1-2,1-2,1-1\",\"margin\":\"large\",\"row_gap\":\"medium\",\"vertical_align\":true},\"children\":[{\"type\":\"column\",\"props\":{\"image_position\":\"center-center\",\"position_sticky_breakpoint\":\"m\",\"vertical_align\":\"middle\",\"width_medium\":\"1-4\",\"width_small\":\"1-2\"},\"children\":[{\"type\":\"image\",\"props\":{\"image\":\"wp-content\\\/uploads\\\/2024\\\/10\\\/kj0De1xyRf-24Hkcc903Hg.webp\",\"image_svg_color\":\"emphasis\",\"image_width\":\"630\",\"lightbox_width\":\"920\",\"link\":\"wp-content\\\/uploads\\\/hotel-standard-suite-01.jpg\",\"link_target\":\"modal\",\"margin\":\"default\"}}]},{\"type\":\"column\",\"props\":{\"image_position\":\"center-center\",\"position_sticky_breakpoint\":\"m\",\"vertical_align\":\"middle\",\"width_medium\":\"1-4\",\"width_small\":\"1-2\"},\"children\":[{\"type\":\"image\",\"props\":{\"image\":\"https:\\\/\\\/www.solorzanodeaviles.es\\\/en-que-casos-necesito-el-asesoramiento-de-un-abogado_img87744t1.jpg\",\"image_svg_color\":\"emphasis\",\"image_width\":\"630\",\"lightbox_width\":\"920\",\"link\":\"wp-content\\\/uploads\\\/hotel-standard-suite-02.jpg\",\"link_target\":\"modal\",\"margin\":\"default\"}},{\"type\":\"image\",\"props\":{\"image\":\"https:\\\/\\\/www.tipsempresariales.com\\\/uploads\\\/1\\\/3\\\/1\\\/4\\\/131438314\\\/published\\\/338308513.jpg?1618498553\",\"image_svg_color\":\"emphasis\",\"image_width\":\"630\",\"lightbox_width\":\"920\",\"link\":\"wp-content\\\/uploads\\\/hotel-standard-suite-03.jpg\",\"link_target\":\"modal\",\"margin\":\"default\"}}]},{\"type\":\"column\",\"props\":{\"image_position\":\"center-center\",\"position_sticky_breakpoint\":\"m\",\"vertical_align\":\"middle\",\"width_medium\":\"1-2\",\"width_small\":\"1-1\"},\"children\":[{\"type\":\"text\",\"props\":{\"block_align\":\"center\",\"column_breakpoint\":\"m\",\"content\":\"\n\n<p>Ofrecemos una consulta inicial para entender tu situaci\\u00f3n legal o comercial, y definir el camino estrat\\u00e9gico m\\u00e1s adecuado. Estamos aqu\\u00ed para escucharte, asesorarte y ofrecerte las mejores soluciones.<\\\/p>\\n\n\n<ul>\\n\n\n<li><strong>\\u00c1reas de Especializaci\\u00f3n:<\\\/strong>\\n\n\n<ul>\\n\n\n<li>Derecho Civil<\\\/li>\\n\n\n<li>Derecho de Familia<\\\/li>\\n\n\n<li>Estrategias Digitales<\\\/li>\\n\n\n<li>An\\u00e1lisis y Optimizaci\\u00f3n<\\\/li>\\n<\\\/ul>\\n<\\\/li>\\n<\\\/ul>\",\"margin\":\"default\",\"maxwidth\":\"large\",\"maxwidth_breakpoint\":\"m\"}},{\"type\":\"button\",\"props\":{\"block_align\":\"center\",\"grid_column_gap\":\"small\",\"grid_row_gap\":\"small\",\"margin\":\"medium\",\"maxwidth\":\"large\",\"maxwidth_breakpoint\":\"m\"},\"children\":[{\"type\":\"button_item\",\"props\":{\"button_style\":\"primary\",\"content\":\"conoce mas\",\"icon\":\"\",\"icon_align\":\"right\",\"link\":\"#\"}}]}]}]}]},{\"name\":\"Image\",\"type\":\"section\",\"props\":{\"image\":\"wp-content\\\/uploads\\\/2024\\\/10\\\/14Sall0KQuStl2MpCO3qvg.webp\",\"image_effect\":\"parallax\",\"image_parallax_bgy\":\"50,-50\",\"image_parallax_easing\":\"1\",\"image_position\":\"center-center\",\"image_size\":\"cover\",\"image_width\":\"2560\",\"padding\":\"xlarge\",\"style\":\"default\",\"title_breakpoint\":\"xl\",\"title_position\":\"top-left\",\"title_rotation\":\"left\",\"vertical_align\":\"\",\"width\":\"large\"},\"children\":[{\"type\":\"row\",\"children\":[{\"type\":\"column\",\"props\":{\"image_position\":\"center-center\",\"position_sticky_breakpoint\":\"m\",\"width_medium\":\"1-1\"}}]}]},{\"name\":\"Description Comfort\",\"type\":\"section\",\"props\":{\"animation\":\"fade\",\"image_position\":\"center-center\",\"padding\":\"large\",\"style\":\"default\",\"title_breakpoint\":\"xl\",\"title_position\":\"top-left\",\"title_rotation\":\"left\",\"vertical_align\":\"\",\"width\":\"large\"},\"children\":[{\"type\":\"row\",\"props\":{\"layout\":\"1-2,1-2\",\"margin\":\"large\",\"vertical_align\":true},\"children\":[{\"type\":\"column\",\"props\":{\"image_position\":\"center-center\",\"position_sticky_breakpoint\":\"m\",\"vertical_align\":\"middle\",\"width_medium\":\"1-2\"},\"children\":[{\"type\":\"divider\",\"props\":{\"divider_element\":\"hr\",\"divider_style\":\"small\",\"margin_remove_bottom\":true}},{\"type\":\"headline\",\"props\":{\"content\":\"Servicios y Caracter\\u00edsticas\",\"title_element\":\"h2\",\"title_style\":\"heading-small\"}},{\"type\":\"headline\",\"props\":{\"content\":\"Tu Confianza, Nuestro Compromiso\",\"margin_remove_top\":true,\"title_color\":\"primary\",\"title_element\":\"div\",\"title_style\":\"h3\"}},{\"type\":\"text\",\"props\":{\"column_breakpoint\":\"m\",\"content\":\"\n\n<p>Ya sea para resolver un problema legal o posicionar tu marca en el mercado, estamos aqu\\u00ed para ayudarte en cada paso del camino.<\\\/p>\",\"margin\":\"medium\",\"maxwidth\":\"xlarge\"}}]},{\"type\":\"column\",\"props\":{\"image_position\":\"center-center\",\"position_sticky_breakpoint\":\"m\",\"width_medium\":\"1-2\"},\"children\":[{\"type\":\"slideshow\",\"props\":{\"image_width\":\"920\",\"link_style\":\"default\",\"link_text\":\"Read more\",\"margin\":\"default\",\"meta_align\":\"below-title\",\"meta_element\":\"div\",\"meta_style\":\"text-meta\",\"nav\":\"dotnav\",\"nav_align\":\"center\",\"nav_below\":false,\"nav_breakpoint\":\"s\",\"nav_position\":\"bottom-left\",\"nav_position_margin\":\"medium\",\"overlay_animation\":\"parallax\",\"overlay_position\":\"center-left\",\"show_content\":true,\"show_link\":true,\"show_meta\":true,\"show_thumbnail\":true,\"show_title\":true,\"slidenav\":\"\",\"slidenav_breakpoint\":\"s\",\"slidenav_margin\":\"medium\",\"slidenav_outside_breakpoint\":\"xl\",\"slideshow_autoplay\":true,\"slideshow_autoplay_pause\":true,\"slideshow_min_height\":300,\"slideshow_ratio\":\"920:580\",\"text_color\":\"light\",\"thumbnav_height\":\"75\",\"thumbnav_svg_color\":\"emphasis\",\"thumbnav_width\":\"100\",\"title_element\":\"h3\"},\"children\":[{\"type\":\"slideshow_item\",\"props\":{\"image\":\"https:\\\/\\\/dabogados.es\\\/wp-content\\\/uploads\\\/2018\\\/09\\\/La-importancia-de-contar-con-un-asesoramiento-jur%C3%ADdico-de-calidad-1536x1024.jpg\"}}]}]}]}]},{\"name\":\"Services\",\"type\":\"section\",\"props\":{\"animation\":\"fade\",\"image_position\":\"center-center\",\"padding\":\"large\",\"padding_remove_top\":true,\"style\":\"default\",\"title_breakpoint\":\"xl\",\"title_position\":\"top-left\",\"title_rotation\":\"left\",\"vertical_align\":\"\",\"width\":\"large\"},\"children\":[{\"type\":\"row\",\"props\":{\"margin\":\"default\"},\"children\":[{\"type\":\"column\",\"props\":{\"image_position\":\"center-center\",\"position_sticky_breakpoint\":\"m\",\"width_medium\":\"1-1\"},\"children\":[{\"type\":\"divider\",\"props\":{\"divider_element\":\"hr\",\"divider_style\":\"icon\",\"margin\":\"xlarge\"}}]}]},{\"type\":\"row\",\"props\":{\"layout\":\"1-2,1-4,1-4|1-1,1-2,1-2\",\"margin\":\"xlarge\"},\"children\":[{\"type\":\"column\",\"props\":{\"image_position\":\"center-center\",\"position_sticky_breakpoint\":\"m\",\"width_medium\":\"1-2\",\"width_small\":\"1-1\"},\"children\":[{\"type\":\"panel\",\"props\":{\"content\":\"\n\n<p>\\u00a1Estamos aqu\\u00ed para ayudarte en cada paso del camino! Cont\\u00e1ctanos para m\\u00e1s informaci\\u00f3n o para reservar tu consulta.<\\\/p>\",\"content_column_breakpoint\":\"m\",\"icon_width\":80,\"image_align\":\"top\",\"image_grid_breakpoint\":\"m\",\"image_grid_width\":\"1-2\",\"image_svg_color\":\"emphasis\",\"link_style\":\"default\",\"link_text\":\"Read more\",\"margin\":\"default\",\"maxwidth\":\"xlarge\",\"meta_align\":\"below-title\",\"meta_element\":\"div\",\"meta_style\":\"text-meta\",\"title\":\"Todo lo que Necesitas\",\"title_align\":\"top\",\"title_element\":\"h2\",\"title_grid_breakpoint\":\"m\",\"title_grid_width\":\"1-2\",\"title_hover_style\":\"reset\",\"title_style\":\"heading-medium\"}}]},{\"type\":\"column\",\"props\":{\"image_position\":\"center-center\",\"position_sticky_breakpoint\":\"m\",\"width_medium\":\"1-4\",\"width_small\":\"1-2\"},\"children\":[{\"type\":\"headline\",\"props\":{\"content\":\"Otros Servicios\",\"margin\":\"medium\",\"title_color\":\"primary\",\"title_element\":\"h3\",\"title_style\":\"h3\"}},{\"type\":\"list\",\"props\":{\"column_breakpoint\":\"m\",\"image_align\":\"left\",\"image_svg_color\":\"emphasis\",\"image_vertical_align\":true,\"list_element\":\"ul\",\"list_horizontal_separator\":\", \",\"list_marker\":\"bullet\",\"list_type\":\"vertical\",\"show_image\":true,\"show_link\":true},\"children\":[{\"type\":\"list_item\",\"props\":{\"content\":\"Preparaci\\u00f3n de Documentos Legales\"}},{\"type\":\"list_item\",\"props\":{\"content\":\"Automatizaci\\u00f3n de EULAS\"}},{\"type\":\"list_item\",\"props\":{\"content\":\"Investigaci\\u00f3n Legal Profunda\"}},{\"type\":\"list_item\",\"props\":{\"content\":\"Mediaci\\u00f3n Familiar\"}},{\"type\":\"list_item\",\"props\":{\"content\":\"Reuniones Fuera de Horario\"}},{\"type\":\"list_item\",\"props\":{\"content\":\"Asesor\\u00eda para Empresas\"}},{\"type\":\"list_item\",\"props\":{\"content\":\"Traducci\\u00f3n de Documentos Legales\"}},{\"type\":\"list_item\",\"props\":{\"content\":\"Marketing Digital atreves de Google ads\"}}]}]},{\"type\":\"column\",\"props\":{\"image_position\":\"center-center\",\"position_sticky_breakpoint\":\"m\",\"width_medium\":\"1-4\",\"width_small\":\"1-2\"}}]}]}],\"version\":\"4.4.10\"} --><\/p>\n","protected":false},"excerpt":{"rendered":"<p>Servicios de Asesoramiento Jur\u00eddico y Marketing Digital Personalizado Kinmpolistic Nuestros Servicios Tu Primer Paso hacia la Soluci\u00f3n Legal y el \u00c9xito Digital Ofrecemos una consulta inicial para entender tu situaci\u00f3n legal o comercial, y definir el camino estrat\u00e9gico m\u00e1s adecuado. Estamos aqu\u00ed para escucharte, asesorarte y ofrecerte las mejores soluciones. Ofrecemos una consulta inicial para [&hellip;]<\/p>\n","protected":false},"author":1,"featured_media":0,"parent":0,"menu_order":0,"comment_status":"closed","ping_status":"open","template":"","meta":{"footnotes":""},"class_list":["post-2","page","type-page","status-publish","hentry"],"_links":{"self":[{"href":"https:\/\/kinmpolistic.com\/index.php\/wp-json\/wp\/v2\/pages\/2","targetHints":{"allow":["GET"]}}],"collection":[{"href":"https:\/\/kinmpolistic.com\/index.php\/wp-json\/wp\/v2\/pages"}],"about":[{"href":"https:\/\/kinmpolistic.com\/index.php\/wp-json\/wp\/v2\/types\/page"}],"author":[{"embeddable":true,"href":"https:\/\/kinmpolistic.com\/index.php\/wp-json\/wp\/v2\/users\/1"}],"replies":[{"embeddable":true,"href":"https:\/\/kinmpolistic.com\/index.php\/wp-json\/wp\/v2\/comments?post=2"}],"version-history":[{"count":5,"href":"https:\/\/kinmpolistic.com\/index.php\/wp-json\/wp\/v2\/pages\/2\/revisions"}],"predecessor-version":[{"id":48,"href":"https:\/\/kinmpolistic.com\/index.php\/wp-json\/wp\/v2\/pages\/2\/revisions\/48"}],"wp:attachment":[{"href":"https:\/\/kinmpolistic.com\/index.php\/wp-json\/wp\/v2\/media?parent=2"}],"curies":[{"name":"wp","href":"https:\/\/api.w.org\/{rel}","templated":true}]}}